{"id":585,"date":"2025-03-10T12:38:21","date_gmt":"2025-03-10T11:38:21","guid":{"rendered":"https:\/\/mjoyspain.com\/cookies\/"},"modified":"2025-03-10T12:57:20","modified_gmt":"2025-03-10T11:57:20","slug":"cookies","status":"publish","type":"page","link":"https:\/\/mjoyspain.com\/es\/cookies\/","title":{"rendered":"Cookies"},"content":{"rendered":"\t\t<div data-elementor-type=\"wp-page\" data-elementor-id=\"585\" class=\"elementor elementor-585 elementor-553\" data-elementor-post-type=\"page\">\n\t\t\t\t<div class=\"elementor-element elementor-element-3ff8c9b e-flex e-con-boxed e-con e-parent\" data-id=\"3ff8c9b\" data-element_type=\"container\" data-e-type=\"container\">\n\t\t\t\t\t<div class=\"e-con-inner\">\n\t\t\t\t<div class=\"elementor-element elementor-element-26442fe elementor-widget elementor-widget-heading\" data-id=\"26442fe\" data-element_type=\"widget\" data-e-type=\"widget\" data-widget_type=\"heading.default\">\n\t\t\t\t<div class=\"elementor-widget-container\">\n\t\t\t\t\t<h1 class=\"elementor-heading-title elementor-size-default\">Pol\u00edtica de cookies<\/h1>\t\t\t\t<\/div>\n\t\t\t\t<\/div>\n\t\t\t\t\t<\/div>\n\t\t\t\t<\/div>\n\t\t<div class=\"elementor-element elementor-element-99fdb8f e-flex e-con-boxed e-con e-parent\" data-id=\"99fdb8f\" data-element_type=\"container\" data-e-type=\"container\">\n\t\t\t\t\t<div class=\"e-con-inner\">\n\t\t\t\t<div class=\"elementor-element elementor-element-590a095 elementor-widget elementor-widget-text-editor\" data-id=\"590a095\" data-element_type=\"widget\" data-e-type=\"widget\" data-widget_type=\"text-editor.default\">\n\t\t\t\t<div class=\"elementor-widget-container\">\n\t\t\t\t\t\t\t\t\t<h2>PROPIEDAD DEL SITIO WEB<\/h2><p>Propietario del sitio web: XXXXXX- CIF XXXXXXX<\/p><p>Direcci\u00f3n: C\/ Bronce 4C, 28045 Madrid, Espa\u00f1a.<\/p><p>Contacto: Tel. XXXX- Correo electr\u00f3nico: info @ mjoyspain.com <\/p><div>Actividad: XXXXXXXXXX<\/div><div> <\/div><h2>INFORMACI\u00d3N Y TERMINOLOG\u00cdA<\/h2><p>Nuestro sitio web https:\/\/ mjoyspain.com (en adelante, el \u00abSitio Web\u00bb) utiliza una tecnolog\u00eda denominada \u00abcookies\u00bb con el fin de recabar informaci\u00f3n sobre el uso del Sitio Web, de conformidad con el art\u00edculo 22 de la LSSI.<\/p><p>Las cookies son peque\u00f1os archivos que las p\u00e1ginas web, tiendas online, intranets, plataformas online o similares, almacenan en el navegador del usuario que las visita y que permiten recuperar informaci\u00f3n ya almacenada y proporcionar innumerables ventajas a la navegaci\u00f3n web en la prestaci\u00f3n de servicios interactivos, as\u00ed como facilitar informaci\u00f3n relevante al titular de la Web.<\/p><h2>CLASIFICACI\u00d3N TIPOL\u00d3GICA DE LAS COOKIES<\/h2><p>La siguiente clasificaci\u00f3n de los posibles tipos de Cookie, que se ofrecen a t\u00edtulo orientativo por ser los m\u00e1s comunes, ayuda a comprender mejor las funciones que realizan:<\/p><p><u>TIPOS DE COOKIES SEG\u00daN LA ENTIDAD QUE LAS GESTIONA<\/u><\/p><p>Seg\u00fan quien sea la entidad que gestione el equipo o dominio desde donde se env\u00edan las cookies y trate los datos que se obtengan, podemos distinguir:<\/p><p>a) Cookies de origen:<\/p><p>Son aquellas que se env\u00edan al equipo terminal del usuario desde un ordenador o dominio gestionado por el propio editor y desde el que se presta el servicio solicitado por el usuario.<\/p><p>b) Cookies de terceros:<\/p><p>Son aqu\u00e9llas que se env\u00edan al equipo terminal del usuario desde un equipo o dominio que no es gestionado por el editor, sino por otra entidad que trata los datos obtenidos trav\u00e9s de las cookies.<\/p><p>En el caso de que las cookies sean servidas desde un equipo o dominio gestionado por el propio editor, pero la informaci\u00f3n que se recoja mediante \u00e9stas sea gestionada por un tercero, no pueden ser consideradas como cookies propias si el tercero las utiliza para sus propios fines (por ejemplo, la mejora de los servicios que presta o la prestaci\u00f3n de servicios publicitarios a favor de otras entidades).<\/p><p>TIPOS DE COOKIES SEG\u00daN SU FINALIDAD<br>Existen muchas finalidades para el uso de las cookies. Dependiendo de la finalidad para la que se traten los datos obtenidos a trav\u00e9s de las cookies, algunas de las finalidades pueden ser: <\/p><p>a) Cookies t\u00e9cnicas:<\/p><p>Son aqu\u00e9llas que permiten al usuario la navegaci\u00f3n a trav\u00e9s de un sitio web, plataforma o aplicaci\u00f3n y la utilizaci\u00f3n de las diferentes opciones o servicios que en ella existen, incluyendo aqu\u00e9llas que el editor utiliza para posibilitar la gesti\u00f3n y operativa del sitio web y permitir sus funciones y servicios, como por ejemplo, controlar el tr\u00e1fico y la comunicaci\u00f3n de datos, identificar la sesi\u00f3n, acceder a partes de acceso restringido, recordar los elementos que integran un pedido, realizar el proceso de compra de un pedido, gestionar el pago, controlar el fraude vinculado a la seguridad del servicio, realizar la solicitud de inscripci\u00f3n o participaci\u00f3n en un evento, contabilizar las visitas a efectos de facturaci\u00f3n de licencias del software con el que funciona el servicio (sitio web, plataforma o aplicaci\u00f3n), utilizar elementos de seguridad durante la navegaci\u00f3n, almacenar contenidos para la difusi\u00f3n de v\u00eddeos o sonido, permitir contenidos din\u00e1micos (por ejemplo, la animaci\u00f3n de la carga de un texto o imagen) o compartir contenidos a trav\u00e9s de redes sociales.<\/p><p>Tambi\u00e9n pertenecen a esta categor\u00eda, por su car\u00e1cter t\u00e9cnico, aquellas cookies que permiten la gesti\u00f3n, de la forma m\u00e1s eficaz posible, de los espacios publicitarios que, como un elemento m\u00e1s del dise\u00f1o o \u00abmaquetaci\u00f3n\u00bb del servicio ofrecido al usuario, el editor haya incluido en una p\u00e1gina web, aplicaci\u00f3n o plataforma en base a criterios como el contenido editado, sin recabar informaci\u00f3n del usuario para otras finalidades, como la personalizaci\u00f3n de dicho contenido publicitario o de otro tipo.<\/p><p>Las cookies t\u00e9cnicas estar\u00e1n exentas del cumplimiento de las obligaciones establecidas en el art\u00edculo 22.2 de la LSSI cuando permitan la prestaci\u00f3n del servicio solicitado por el usuario, como es el caso de las cookies enumeradas en los p\u00e1rrafos anteriores. No obstante, si estas cookies se utilizan tambi\u00e9n con fines no exentos (por ejemplo, con fines de publicidad comportamental), estar\u00e1n sujetas a dichas obligaciones. <\/p><p>b) Cookies de preferencia o personalizaci\u00f3n:<\/p><p>Son aqu\u00e9llas que permiten recordar informaci\u00f3n para que el usuario acceda al servicio con determinadas caracter\u00edsticas que pueden diferenciar su experiencia de la de otros usuarios, como por ejemplo, el idioma, el n\u00famero de resultados a mostrar cuando el usuario realiza una b\u00fasqueda, la apariencia o contenido del servicio en funci\u00f3n del tipo de navegador a trav\u00e9s del cual accede el usuario o la regi\u00f3n desde la que accede al servicio, etc.<\/p><p>Si es el propio usuario quien elige estas caracter\u00edsticas (por ejemplo, si selecciona el idioma de un sitio web pulsando sobre el icono de la bandera del pa\u00eds correspondiente), las cookies estar\u00e1n exentas de las obligaciones del art\u00edculo 22.2 de la LSSI por considerarse un servicio expresamente solicitado por el usuario, y ello siempre que las cookies obedezcan exclusivamente a la finalidad seleccionada.<\/p><p>c) Cookies de an\u00e1lisis o medici\u00f3n:<\/p><p>Son aqu\u00e9llas que permiten al responsable de las mismas, el seguimiento y an\u00e1lisis del comportamiento de los usuarios de los sitios web a los que est\u00e1n vinculadas, incluyendo la cuantificaci\u00f3n de los impactos publicitarios. La informaci\u00f3n recogida mediante este tipo de cookies se utiliza en la medici\u00f3n de la actividad de los sitios web, aplicaci\u00f3n o plataforma, con el fin de introducir mejoras en funci\u00f3n del an\u00e1lisis de los datos de uso que hacen los usuarios del servicio. <\/p><p>En cuanto al tratamiento de los datos recogidos mediante cookies anal\u00edticas, el GT29 afirm\u00f3 que, aunque no est\u00e1n exentas del deber de obtener el consentimiento informado para su uso, es improbable que representen un riesgo para la privacidad de los usuarios siempre que sean cookies de origen, que traten datos agregados con fines estrictamente estad\u00edsticos, que se facilite informaci\u00f3n sobre sus usos y que se incluya la posibilidad de que los usuarios manifiesten su negativa sobre su utilizaci\u00f3n.<\/p><p>d) Cookies de publicidad comportamental:<\/p><p>Son aquellas que almacenan informaci\u00f3n sobre el comportamiento de los usuarios obtenida mediante la observaci\u00f3n continua de sus h\u00e1bitos de navegaci\u00f3n, lo que permite elaborar un perfil espec\u00edfico para mostrar publicidad basada en \u00e9l.<\/p><p><u>TIPOS DE COOKIES SEG\u00daN EL TIEMPO QUE PERMANECEN ACTIVADAS<\/u><\/p><p>Seg\u00fan el tiempo que permanezcan activados en el equipo terminal, podemos distinguir:<\/p><p>a) Cookies de sesi\u00f3n:<\/p><p>Son aquellas dise\u00f1adas para recoger y almacenar datos mientras el usuario accede a una p\u00e1gina web. Suelen utilizarse para almacenar informaci\u00f3n que s\u00f3lo interesa conservar para la prestaci\u00f3n del servicio solicitado por el usuario en una sola ocasi\u00f3n (por ejemplo, una lista de productos adquiridos) y desaparecen al terminar la sesi\u00f3n. <\/p><p>b) Cookies persistentes:<\/p><p>Son aqu\u00e9llas en las que los datos siguen almacenados en el terminal y pueden ser accedidos y tratados durante un periodo definido por el responsable de la cookie, y que puede ir de unos minutos a varios a\u00f1os.<\/p><h2>DETALLES DE LAS COOKIES UTILIZADAS<\/h2><p>Las Cookies utilizadas en este sitio Web se detallan a continuaci\u00f3n, proporcionando la siguiente informaci\u00f3n:<\/p><ul><li>Nombre de la Cookie: Identificaci\u00f3n de la Cookie utilizada.<\/li><li>Finalidad: Finalidad de la Cookie y usos previstos.<\/li><li>Datos recogidos: Informaci\u00f3n que controla, recoge y\/o almacena.<\/li><li>Temporalidad: Se indicar\u00e1 si es de sesi\u00f3n (desaparecen al finalizar la sesi\u00f3n), o persistente (en cuyo caso se indicar\u00e1 el tiempo de permanencia de la Cookie).<\/li><li>Titularidad: Se indicar\u00e1 si la informaci\u00f3n recogida por la Cookie ser\u00e1 utilizada por el titular del sitio Web y\/o por terceros. En el caso de terceros, se facilitar\u00e1n los datos identificativos. <\/li><\/ul><h2>FUNCIONALIDADES DE TERCEROS O SOCIOS<\/h2><p>Adem\u00e1s, este Sitio Web puede hacer uso de funcionalidades ofrecidas por terceros o socios que, a su vez, recopilan sus propios datos de navegaci\u00f3n para sus propios fines.<\/p><p>En estos casos, se proporciona la informaci\u00f3n correspondiente sobre las funcionalidades de terceros utilizadas. Le informamos que Mjoy Spain no se responsabiliza del correcto funcionamiento de los enlaces a las distintas pol\u00edticas de privacidad y uso de cookies por parte de terceros, ya que Mjoy Spain no puede controlar cuando \u00e9stas son modificadas por el proveedor, por lo que el Usuario es responsable de informarse sobre el contenido actualizado en las respectivas pol\u00edticas de privacidad y cookies de dichos terceros. <\/p><p>A continuaci\u00f3n figura una lista de funcionalidades de terceros disponibles en este Sitio Web (s\u00f3lo se utilizar\u00e1n las aceptadas por el usuario) en la que se detalla la siguiente informaci\u00f3n:<\/p><ul><li>Entidad: Organizaci\u00f3n que proporciona la funcionalidad (por ejemplo, Facebook, Google, etc.)<\/li><li>Finalidad: Servicio prestado por la entidad tercera (por ejemplo, publicaci\u00f3n de v\u00eddeos en YouTube, publicaci\u00f3n de comentarios en redes sociales, an\u00e1lisis del tr\u00e1fico del sitio web, etc.).<\/li><li>Sitio web: URL donde puedes leer la pol\u00edtica de privacidad de la entidad que presta el servicio Otra informaci\u00f3n de inter\u00e9s: Cualquier otra informaci\u00f3n relevante.<\/li><\/ul><p>[cmplz-cookies]<\/p><h2>ACEPTACI\u00d3N DE LA POL\u00cdTICA DE COOKIES<\/h2><p>Mjoy Spain muestra al Usuario informaci\u00f3n sobre el uso de Cookies en el Sitio Web mediante un mensaje emergente en el que el Usuario puede realizar las siguientes acciones, que quedar\u00e1n almacenadas en el navegador mientras el Usuario no elimine el historial y las Cookies almacenadas:<\/p><p>Aceptar todas las Cookies, por lo que el Usuario estar\u00e1 consintiendo el uso de las cookies enunciadas en la presente Pol\u00edtica de Cookies, por los plazos se\u00f1alados y en las condiciones establecidas.<\/p><ul><li>Rechazar todas las Cookies, excepto aquellas Cookies t\u00e9cnicas imprescindibles para el correcto funcionamiento del Sitio Web. Modificar la configuraci\u00f3n del uso de Cookies, donde el Usuario podr\u00e1 realizar una aceptaci\u00f3n o rechazo selectivo de cada Cookie y\/o por tipolog\u00eda. <\/li><li>Aceptar todos los servicios ofrecidos por terceros, por lo que el Usuario acepta que el Sitio Web haga uso de servicios ofrecidos por terceros teniendo en cuenta que \u00e9stos recogen y tratan los datos recabados durante la navegaci\u00f3n conforme a sus propias Pol\u00edticas de Cookies.<\/li><li>Rechazar todos los servicios ofrecidos por terceros, lo que implicar\u00e1 que el usuario no podr\u00e1 hacer uso de los servicios ofrecidos por terceros en el sitio web (Facebook, Youtube, Whatsapp, Instagram, etc.).<\/li><li>Modificar la configuraci\u00f3n del uso de servicios ofrecidos por terceros, donde el Usuario podr\u00e1 realizar una aceptaci\u00f3n o rechazo selectivo de cada servicio.<\/li><li>Accede a la Pol\u00edtica de Cookies completa del Sitio Web, donde se detallan todos los aspectos relativos al uso de Cookies.<\/li><li>Independientemente de lo anterior, el Usuario siempre podr\u00e1 acceder al texto \u00edntegro de la Pol\u00edtica de Cookies y a la funcionalidad de configuraci\u00f3n de uso en el pie de p\u00e1gina del Sitio Web.<\/li><\/ul><h2>MODIFICACI\u00d3N Y BLOQUEO DE COOKIES<\/h2><p>El Usuario podr\u00e1 configurar el uso de Cookies a su discreci\u00f3n, utilizando la opci\u00f3n de configuraci\u00f3n de Cookies que se encuentra en la parte inferior del Sitio Web.<\/p><p>Independientemente de lo anterior, puedes restringir, bloquear y\/o borrar las Cookies de Mjoy Spain o de cualquier otra p\u00e1gina web, utilizando la configuraci\u00f3n de tu propio navegador, teniendo en cuenta que, en cada navegador, el funcionamiento de las Cookies y la configuraci\u00f3n del Historial es diferente.<\/p><p>Aqu\u00ed tienes algunos enlaces donde puedes informarte sobre c\u00f3mo configurar el uso de cookies en los navegadores m\u00e1s populares:<\/p><p>GOOGLE CROMO:<\/p><p>https:\/\/support.google.com\/accounts\/answer\/61416?co=GENIE.Platform%3DDesktop&hl=es<\/p><p>MOZILLA FIREFOX:<\/p><p>https:\/\/support.mozilla.org\/es\/kb\/habilitar-y-deshabilitar-cookies-sitios-web-rastrear-preferencias<\/p><p>MICROSOFT EDGE:<\/p><p>https:\/\/support.microsoft.com\/es-es\/windows\/eliminar-y-administrar-cookies-168dab11-0753-043d-7c16-ede5947fc64d<\/p><p>SAFARI:<\/p><p>https:\/\/support.apple.com\/es-lamr\/guide\/safari\/sfri11471\/mac<\/p><p>Adem\u00e1s, tambi\u00e9n puedes gestionar el almac\u00e9n de cookies de tu navegador mediante herramientas como las siguientes:<\/p><p>Ghostery: www.ghostery.com\/<\/p><p>Tus opciones en Internet: www.youronlinechoices.com\/es\/<\/p><h2>CAMBIOS EN LA POL\u00cdTICA DE COOKIES<\/h2><p>Es posible que actualicemos la Pol\u00edtica de Cookies de nuestro Sitio Web. Por ello, se recomienda al Usuario del Sitio Web que revise esta pol\u00edtica cada vez que acceda a nuestro Sitio Web con el objeto de estar adecuadamente informado sobre c\u00f3mo y para qu\u00e9 usamos las cookies. <\/p>\t\t\t\t\t\t\t\t<\/div>\n\t\t\t\t<\/div>\n\t\t\t\t\t<\/div>\n\t\t\t\t<\/div>\n\t\t\t\t<\/div>\n\t\t","protected":false},"excerpt":{"rendered":"<p>Pol\u00edtica de cookies PROPIEDAD DEL SITIO WEB Propietario del sitio web: XXXXXX- CIF XXXXXXX Direcci\u00f3n: C\/ Bronce 4C, 28045 Madrid, Espa\u00f1a. Contacto: Tel. XXXX- Correo electr\u00f3nico: info @ mjoyspain.com Actividad: XXXXXXXXXX INFORMACI\u00d3N Y TERMINOLOG\u00cdA Nuestro sitio web https:\/\/ mjoyspain.com (en adelante, el \u00abSitio Web\u00bb) utiliza una tecnolog\u00eda denominada \u00abcookies\u00bb con el fin de recabar informaci\u00f3n [&hellip;]<\/p>\n","protected":false},"author":1,"featured_media":0,"parent":0,"menu_order":0,"comment_status":"closed","ping_status":"closed","template":"","meta":{"footnotes":""},"class_list":["post-585","page","type-page","status-publish","hentry"],"_links":{"self":[{"href":"https:\/\/mjoyspain.com\/es\/wp-json\/wp\/v2\/pages\/585","targetHints":{"allow":["GET"]}}],"collection":[{"href":"https:\/\/mjoyspain.com\/es\/wp-json\/wp\/v2\/pages"}],"about":[{"href":"https:\/\/mjoyspain.com\/es\/wp-json\/wp\/v2\/types\/page"}],"author":[{"embeddable":true,"href":"https:\/\/mjoyspain.com\/es\/wp-json\/wp\/v2\/users\/1"}],"replies":[{"embeddable":true,"href":"https:\/\/mjoyspain.com\/es\/wp-json\/wp\/v2\/comments?post=585"}],"version-history":[{"count":0,"href":"https:\/\/mjoyspain.com\/es\/wp-json\/wp\/v2\/pages\/585\/revisions"}],"wp:attachment":[{"href":"https:\/\/mjoyspain.com\/es\/wp-json\/wp\/v2\/media?parent=585"}],"curies":[{"name":"wp","href":"https:\/\/api.w.org\/{rel}","templated":true}]}}