{"id":587,"date":"2025-03-10T12:36:24","date_gmt":"2025-03-10T11:36:24","guid":{"rendered":"https:\/\/mjoyspain.com\/aviso-legal\/"},"modified":"2025-03-10T12:58:52","modified_gmt":"2025-03-10T11:58:52","slug":"aviso-legal","status":"publish","type":"page","link":"https:\/\/mjoyspain.com\/es\/aviso-legal\/","title":{"rendered":"Aviso legal"},"content":{"rendered":"\t\t<div data-elementor-type=\"wp-page\" data-elementor-id=\"587\" class=\"elementor elementor-587 elementor-551\" data-elementor-post-type=\"page\">\n\t\t\t\t<div class=\"elementor-element elementor-element-3a57f6f e-flex e-con-boxed e-con e-parent\" data-id=\"3a57f6f\" data-element_type=\"container\" data-e-type=\"container\">\n\t\t\t\t\t<div class=\"e-con-inner\">\n\t\t\t\t<div class=\"elementor-element elementor-element-0d78b85 elementor-widget elementor-widget-heading\" data-id=\"0d78b85\" data-element_type=\"widget\" data-e-type=\"widget\" data-widget_type=\"heading.default\">\n\t\t\t\t<div class=\"elementor-widget-container\">\n\t\t\t\t\t<h1 class=\"elementor-heading-title elementor-size-default\">Aviso legal<\/h1>\t\t\t\t<\/div>\n\t\t\t\t<\/div>\n\t\t\t\t\t<\/div>\n\t\t\t\t<\/div>\n\t\t<div class=\"elementor-element elementor-element-81ae3c1 e-flex e-con-boxed e-con e-parent\" data-id=\"81ae3c1\" data-element_type=\"container\" data-e-type=\"container\">\n\t\t\t\t\t<div class=\"e-con-inner\">\n\t\t\t\t<div class=\"elementor-element elementor-element-c75b43c elementor-widget elementor-widget-text-editor\" data-id=\"c75b43c\" data-element_type=\"widget\" data-e-type=\"widget\" data-widget_type=\"text-editor.default\">\n\t\t\t\t<div class=\"elementor-widget-container\">\n\t\t\t\t\t\t\t\t\t<p>En cumplimiento de lo dispuesto en la Ley 34\/2002, de 11 de julio, de Servicios de la Sociedad de la Informaci\u00f3n y Comercio Electr\u00f3nico (LSSICE), te informamos de los siguientes aspectos legales:<\/p><h2>PROPIEDAD DEL SITIO WEB<\/h2><p>Propietario del sitio web: XXXXXX- CIF XXXXXXX<\/p><p>Direcci\u00f3n: C\/ Bronce 4C, 28045 Madrid, Espa\u00f1a.<\/p><p>Contacto: Tel. XXXX- Correo electr\u00f3nico: info @ mjoyspain.com <\/p><p>Actividad: XXXXXXXXXX<\/p><h2>CONDICIONES GENERALES DE USO<\/h2><p>El portal web https:\/\/ mjoyspain.com tiene por objeto facilitar al p\u00fablico en general informaci\u00f3n sobre las actividades de esta organizaci\u00f3n y los productos y servicios que ofrece para el desarrollo de su actividad.<\/p><p>La utilizaci\u00f3n de cualquiera de las funcionalidades del Sitio Web implica la expresa y plena aceptaci\u00f3n de las condiciones aqu\u00ed expuestas, sin perjuicio de aquellas condiciones particulares que pudieran aplicarse a algunos de los servicios concretos ofrecidos a trav\u00e9s del Sitio Web.<\/p><p>El titular del sitio Web se reserva la facultad de efectuar, en cualquier momento y sin necesidad de previo aviso, modificaciones y actualizaciones de la informaci\u00f3n contenida en su sitio Web o en la configuraci\u00f3n y presentaci\u00f3n de \u00e9ste.<\/p><p>Con el fin de mantener actualizada la informaci\u00f3n publicada en el portal Web, sus contenidos podr\u00e1n ser modificados, corregidos, eliminados o a\u00f1adidos en cualquier momento, por lo que se aconseja comprobar la vigencia o exactitud de los mismos acudiendo a las fuentes oficiales.<\/p><h2>PROPIEDAD INTELECTUAL, INDUSTRIAL Y MARCOS<\/h2><p>Todos los elementos que forman el sitio web, as\u00ed como su estructura, dise\u00f1o, c\u00f3digo fuente, logos, marcas y dem\u00e1s signos distintivos que aparecen en la misma, son titularidad de MJoy Spain o de sus colaboradores y est\u00e1n protegidos por los correspondientes derechos de propiedad intelectual e industrial.<\/p><p>Asimismo, las im\u00e1genes y otros elementos gr\u00e1ficos contenidos en el Sitio Web est\u00e1n protegidos por los correspondientes derechos de propiedad intelectual e industrial.<\/p><p>El titular del Sitio Web proh\u00edbe expresamente la utilizaci\u00f3n de \u00abframing\u00bb o la utilizaci\u00f3n por parte de terceros de cualesquiera otros mecanismos que alteren el dise\u00f1o, configuraci\u00f3n original o contenidos de nuestro Sitio Web.<\/p><p>La utilizaci\u00f3n de los contenidos deber\u00e1 respetar su licencia particular. As\u00ed, su uso, reproducci\u00f3n, distribuci\u00f3n, comunicaci\u00f3n p\u00fablica, transformaci\u00f3n o cualquier otra actividad similar o an\u00e1loga, queda totalmente prohibida salvo que medie previa y expresa autorizaci\u00f3n del titular del sitio web de Mjoy Espa\u00f1a. <\/p><p>S\u00f3lo se autoriza la reproducci\u00f3n total o parcial de los textos y contenidos proporcionados por el Sitio Web, siempre que se cumplan todas y cada una de las siguientes condiciones:<\/p><ul><li>Se mantiene la integridad de los contenidos, documentos o gr\u00e1ficos.<\/li><li>Se cita expresamente al propietario del sitio Web como fuente y origen de los mismos.<\/li><li>La finalidad y objeto de dicho uso sea compatible con los fines de la Web y\/o actividad del titular del Sitio Web.<\/li><li>No se pretende ning\u00fan uso comercial, y se proh\u00edbe expresamente su distribuci\u00f3n, comunicaci\u00f3n p\u00fablica, transformaci\u00f3n o descompilaci\u00f3n.<\/li><li>Cualquier otro uso deber\u00e1 ser previa y expresamente comunicado y autorizado por el titular del Sitio Web.<\/li><\/ul><p>Respecto a las citas de productos y servicios de terceros, el titular del Web reconoce a favor de sus titulares los correspondientes derechos de propiedad industrial e intelectual, no implicando su sola menci\u00f3n o aparici\u00f3n en el Web la existencia de derechos ni de responsabilidad alguna sobre los mismos, como tampoco respaldo, patrocinio o recomendaci\u00f3n.<\/p><p>El titular del Sitio Web declara su respeto a los derechos de propiedad intelectual e industrial de terceros; por ello, si crees que nuestro Sitio Web puede estar violando sus derechos, ponte en contacto con el titular del Sitio Web.<\/p><h2>RESPONSABILIDAD<\/h2><p>El titular del Sitio Web no garantiza la inexistencia de errores en el acceso al Web, en su contenido, ni que \u00e9ste se encuentre actualizado, aunque desarrollar\u00e1 sus mejores esfuerzos para, en su caso, evitarlos, subsanarlos o actualizarlos.<\/p><p>Tanto el acceso al Sitio Web como el uso que pueda hacerse de la informaci\u00f3n contenida en el mismo es de la exclusiva responsabilidad de quien lo realiza.<\/p><p>El titular del sitio Web no se hace responsable de la informaci\u00f3n y contenidos almacenados, a t\u00edtulo enunciativo pero no limitativo, en foros, chats, blogs, comentarios, redes sociales o cualesquiera otro medio que permita a terceros publicar contenidos de forma independiente en la p\u00e1gina Web https:\/\/ mjoyspain.com<\/p><p>No obstante, y en cumplimiento de lo dispuesto en la LSSI, el titular del sitio web se pone a disposici\u00f3n de todos los usuarios, autoridades y fuerzas de seguridad, y colaborando de forma activa en la retirada o en su caso bloqueo de todos aquellos contenidos que pudieran afectar o contravenir la legislaci\u00f3n nacional, o internacional, derechos de terceros o la moral y el orden p\u00fablico. En caso de que el usuario considere que existe en el sitio web alg\u00fan contenido que pudiera ser susceptible de esta clasificaci\u00f3n, rogamos se ponga en contacto con el titular del sitio web. <\/p><p>El titular del Sitio Web no se responsabiliza de las contestaciones que se realicen a trav\u00e9s de las distintas direcciones de correo electr\u00f3nico que aparecen en su Sitio Web, por lo que en ning\u00fan caso podr\u00e1 derivarse efecto jur\u00eddico vinculante de las mismas.<\/p><h2>ENLACES O HIPERV\u00cdNCULOS<\/h2><p>Los enlaces contenidos en nuestro sitio Web pueden dirigirte a contenidos Web de terceros. El \u00fanico prop\u00f3sito de estos enlaces es facilitarte la b\u00fasqueda de recursos que puedan ser de tu inter\u00e9s en Internet. No obstante, dichas p\u00e1ginas no pertenecen al titular del sitio Web, ni hace una revisi\u00f3n de sus contenidos y, por ello, el titular del sitio Web no asume ninguna responsabilidad por el contenido, informaciones o servicios que pudieran aparecer en dichos sitios, que tendr\u00e1n exclusivamente car\u00e1cter informativo y que en ning\u00fan caso implican relaci\u00f3n alguna entre el titular del sitio Web y a las personas o entidades titulares de tales contenidos o titulares de otros sitios donde se encuentren. El titular del sitio Web no puede hacerse responsable del funcionamiento de la p\u00e1gina enlazada o de los posibles da\u00f1os que puedan derivarse del acceso o uso de la misma.   <\/p><p>Los enlaces al sitio web https:\/\/ mjoyspain.com deben cumplir las siguientes condiciones:<\/p><ul><li>El establecimiento del enlace no supondr\u00e1 ning\u00fan tipo de acuerdo, contrato, patrocinio ni recomendaci\u00f3n por parte de Mjoy Espa\u00f1a de la p\u00e1gina que realiza el enlace.<\/li><li>La p\u00e1gina Web en la que se establezca el hiperenlace no contendr\u00e1 informaciones con contenidos il\u00edcitos, discriminatorios, contrarios a los principios \u00e9ticos com\u00fanmente aceptados o atentatorios contra el orden p\u00fablico, as\u00ed como tampoco contendr\u00e1 contenidos contrarios a cualesquiera derechos de terceros.<\/li><li>El propietario del sitio Web podr\u00e1 solicitar la eliminaci\u00f3n de un enlace a su Web, sin indicar motivo alguno. En tal caso, la p\u00e1gina que haya realizado el enlace deber\u00e1 proceder a su inmediata supresi\u00f3n, tan pronto como reciba la notificaci\u00f3n del titular del Sitio Web. <\/li><li>No se responsabiliza en modo alguno ni garantiza la claridad, exactitud, fiabilidad, correcci\u00f3n o moralidad de contenidos o servicios que el establecimiento del hiperenlace pueda ofrecer. El usuario asume bajo su exclusiva responsabilidad las consecuencias, da\u00f1os o acciones que pudieran derivarse del acceso al sitio web hiperenlazado. <\/li><li>La p\u00e1gina Web en la que se establezca el hiperenlace no podr\u00e1 contener ninguna marca, denominaci\u00f3n, logotipo, eslogan u otros signos distintivos pertenecientes al titular del sitio Web, salvo aquellos signos que formen parte del mismo hiperenlace.<\/li><\/ul><h2>PROTECCI\u00d3N DE DATOS PERSONALES<\/h2><p>En los casos en que se recojan, traten o almacenen datos personales, se har\u00e1 de acuerdo con la Pol\u00edtica de Privacidad publicada en el Sitio Web, que puede consultarse en el pie de p\u00e1gina del Sitio Web.<\/p><h2>LEGISLACI\u00d3N Y JURISDICCI\u00d3N APLICABLES<\/h2><p>La ley aplicable en caso de disputa o conflicto de interpretaci\u00f3n de los t\u00e9rminos que conforman este Aviso Legal, as\u00ed como cualquier cuesti\u00f3n relacionada con los servicios de este Portal, ser\u00e1 la ley espa\u00f1ola.<\/p><p>Para la resoluci\u00f3n de cualquier conflicto que pueda surgir con ocasi\u00f3n de la visita al Sitio Web o del uso de los servicios que en \u00e9l se puedan ofertar, el titular del Sitio Web y el Usuario acuerdan someterse a los Juzgados y Tribunales del domicilio del Usuario, siempre que \u00e9ste se encuentre en territorio espa\u00f1ol y act\u00fae en condici\u00f3n de consumidor. En caso contrario, el sometimiento ser\u00e1 a los Juzgados y Tribunales de la ciudad de Valladolid, Espa\u00f1a. <\/p><h2>Informaci\u00f3n para una correcta visualizaci\u00f3n<\/h2><ul><li>Las resoluciones permitidas, \u00f3ptimas y no admitidas del Sitio Web son:<ul><li><strong>Permitido<\/strong><ul><li>A partir de 1024&#215;768 px<\/li><\/ul><\/li><li><strong>\u00d3ptimo<\/strong><ul><li>1024&#215;768 px<\/li><li>1280&#215;1024 px<\/li><\/ul><\/li><li><strong>No se admite<\/strong><ul><li>Igual o inferior a 800&#215;600 px<\/li><\/ul><\/li><\/ul><\/li><li>A continuaci\u00f3n se presenta una selecci\u00f3n de los navegadores compatibles m\u00e1s utilizados y mejor valorados:<ul><li>Google Chrome: Compatible<\/li><li>Mozilla Firefox: A partir de la versi\u00f3n 51<\/li><li>Internet Explorer: A partir de la versi\u00f3n 10<\/li><li>Microsoft Edge: Compatible<\/li><li>Opera: Compatible<\/li><li>Safari Windows: No recomendado, obsoleto (la \u00faltima versi\u00f3n 5.1.7 es de mayo de 2012)<\/li><li>Safari iOS: A partir de la versi\u00f3n 12.1.2<\/li><li>Vivaldi: Compatible<\/li><li>Comodo Dragon: Compatible<\/li><li>Comodo IceDrago: A partir de la versi\u00f3n 51<\/li><\/ul><\/li><\/ul><p>Para cualquier navegador siempre se recomienda utilizar la \u00faltima versi\u00f3n, ya sea porque se a\u00f1aden nuevas funciones o mejoras, se corrigen errores y las versiones anteriores dejan de ser compatibles.<\/p><ul><li style=\"list-style-type: none;\"><ul><li>Dado que el Sitio Web dispone de certificados HTTPS, la versi\u00f3n m\u00ednima admitida para los distintos sistemas operativos es:<ul><li><strong>Windows:<\/strong> todos los navegadores que se ejecutan en este S.O. funcionan correctamente (conf\u00edan en el certificado ra\u00edz y, por tanto, no muestran mensajes de advertencia). Esto incluye Internet Explorer, Chrome&#8230; Para Mozilla Firefox funciona correctamente independientemente del S.O. en el que se ejecute, a partir de la versi\u00f3n 51 (desde enero de 2017). <\/li><li><strong>Tienda NSS<\/strong> versi\u00f3n 3.28 y superior: es la tienda que utiliza Linux. Cualquier navegador que funcione en ese S.O. (excepto las versiones que no se hayan actualizado a NSS v3.28) funciona correctamente (a partir de diciembre de 2016). <\/li><li><strong>Android:<\/strong> desde la versi\u00f3n 8.X (OREO) (agosto de 2017).<\/li><li><strong>Llavero MAC\/IOS:<\/strong> desde iOS 12, macOS 10.14 (Mojave), watchOS 5 y tvOS 12.<\/li><li><strong>Acrobat:<\/strong> Certificados ra\u00edz e intermedios incorporados a Adobe a partir del 14\/10\/2015.<\/li><\/ul><\/li><\/ul><\/li><\/ul>\t\t\t\t\t\t\t\t<\/div>\n\t\t\t\t<\/div>\n\t\t\t\t\t<\/div>\n\t\t\t\t<\/div>\n\t\t\t\t<\/div>\n\t\t","protected":false},"excerpt":{"rendered":"<p>Aviso legal En cumplimiento de lo dispuesto en la Ley 34\/2002, de 11 de julio, de Servicios de la Sociedad de la Informaci\u00f3n y Comercio Electr\u00f3nico (LSSICE), te informamos de los siguientes aspectos legales: PROPIEDAD DEL SITIO WEB Propietario del sitio web: XXXXXX- CIF XXXXXXX Direcci\u00f3n: C\/ Bronce 4C, 28045 Madrid, Espa\u00f1a. Contacto: Tel. XXXX- [&hellip;]<\/p>\n","protected":false},"author":1,"featured_media":0,"parent":0,"menu_order":0,"comment_status":"closed","ping_status":"closed","template":"","meta":{"footnotes":""},"class_list":["post-587","page","type-page","status-publish","hentry"],"_links":{"self":[{"href":"https:\/\/mjoyspain.com\/es\/wp-json\/wp\/v2\/pages\/587","targetHints":{"allow":["GET"]}}],"collection":[{"href":"https:\/\/mjoyspain.com\/es\/wp-json\/wp\/v2\/pages"}],"about":[{"href":"https:\/\/mjoyspain.com\/es\/wp-json\/wp\/v2\/types\/page"}],"author":[{"embeddable":true,"href":"https:\/\/mjoyspain.com\/es\/wp-json\/wp\/v2\/users\/1"}],"replies":[{"embeddable":true,"href":"https:\/\/mjoyspain.com\/es\/wp-json\/wp\/v2\/comments?post=587"}],"version-history":[{"count":0,"href":"https:\/\/mjoyspain.com\/es\/wp-json\/wp\/v2\/pages\/587\/revisions"}],"wp:attachment":[{"href":"https:\/\/mjoyspain.com\/es\/wp-json\/wp\/v2\/media?parent=587"}],"curies":[{"name":"wp","href":"https:\/\/api.w.org\/{rel}","templated":true}]}}