{"id":695,"date":"2025-03-26T11:52:15","date_gmt":"2025-03-26T10:52:15","guid":{"rendered":"https:\/\/mjoyspain.com\/educacion\/"},"modified":"2025-05-19T09:53:34","modified_gmt":"2025-05-19T07:53:34","slug":"educacion","status":"publish","type":"page","link":"https:\/\/mjoyspain.com\/es\/educacion\/","title":{"rendered":"Educaci\u00f3n"},"content":{"rendered":"\t\t<div data-elementor-type=\"wp-page\" data-elementor-id=\"695\" class=\"elementor elementor-695 elementor-672\" data-elementor-post-type=\"page\">\n\t\t\t\t<div class=\"elementor-element elementor-element-138e80a e-con-full e-flex e-con e-parent\" data-id=\"138e80a\" data-element_type=\"container\" data-e-type=\"container\" data-settings=\"{&quot;background_background&quot;:&quot;classic&quot;}\">\n\t\t\t\t<div class=\"elementor-element elementor-element-31268b8 elementor-widget__width-initial elementor-widget elementor-widget-heading\" data-id=\"31268b8\" data-element_type=\"widget\" data-e-type=\"widget\" data-widget_type=\"heading.default\">\n\t\t\t\t<div class=\"elementor-widget-container\">\n\t\t\t\t\t<h1 class=\"elementor-heading-title elementor-size-default\">PROGRAMA ANUAL DE F\u00daTBOL Y ESTUDIOS EN ESPA\u00d1A<\/h1>\t\t\t\t<\/div>\n\t\t\t\t<\/div>\n\t\t\t\t<div class=\"elementor-element elementor-element-85d5e0f elementor-widget__width-initial elementor-widget elementor-widget-text-editor\" data-id=\"85d5e0f\" data-element_type=\"widget\" data-e-type=\"widget\" data-widget_type=\"text-editor.default\">\n\t\t\t\t<div class=\"elementor-widget-container\">\n\t\t\t\t\t\t\t\t\t<p>F\u00fatbol y Estudios<\/p>\t\t\t\t\t\t\t\t<\/div>\n\t\t\t\t<\/div>\n\t\t\t\t<\/div>\n\t\t<div class=\"elementor-element elementor-element-0e5f663 e-flex e-con-boxed e-con e-parent\" data-id=\"0e5f663\" data-element_type=\"container\" data-e-type=\"container\" data-settings=\"{&quot;background_background&quot;:&quot;classic&quot;}\">\n\t\t\t\t\t<div class=\"e-con-inner\">\n\t\t\t\t<div class=\"elementor-element elementor-element-55eb26d slide-left elementor-widget__width-initial elementor-widget-mobile__width-inherit elementor-widget elementor-widget-heading\" data-id=\"55eb26d\" data-element_type=\"widget\" data-e-type=\"widget\" data-widget_type=\"heading.default\">\n\t\t\t\t<div class=\"elementor-widget-container\">\n\t\t\t\t\t<h2 class=\"elementor-heading-title elementor-size-default\">Impulsa tu futuro: Formaci\u00f3n de \u00e9lite y estudios universitarios en Espa\u00f1a<\/h2>\t\t\t\t<\/div>\n\t\t\t\t<\/div>\n\t\t\t\t<div class=\"elementor-element elementor-element-65796cf elementor-widget elementor-widget-text-editor\" data-id=\"65796cf\" data-element_type=\"widget\" data-e-type=\"widget\" data-widget_type=\"text-editor.default\">\n\t\t\t\t<div class=\"elementor-widget-container\">\n\t\t\t\t\t\t\t\t\t<p>Te ofrecemos una oportunidad \u00fanica de pasar un a\u00f1o inmerso en un entrenamiento intensivo de f\u00fatbol y estudios acad\u00e9micos en Espa\u00f1a. Durante este programa, entrenar\u00e1s en instalaciones deportivas de alto rendimiento y te alojar\u00e1s en alojamientos de primera categor\u00eda, al tiempo que realizas cursos acad\u00e9micos con los que podr\u00e1s obtener hasta 18 cr\u00e9ditos universitarios acreditados, transferibles a cualquier universidad estadounidense, lo que te permitir\u00e1 continuar tus estudios all\u00ed.<\/p>\t\t\t\t\t\t\t\t<\/div>\n\t\t\t\t<\/div>\n\t\t\t\t\t<\/div>\n\t\t\t\t<\/div>\n\t\t<div class=\"elementor-element elementor-element-a8b6e0d e-con-full e-flex e-con e-parent\" data-id=\"a8b6e0d\" data-element_type=\"container\" data-e-type=\"container\" data-settings=\"{&quot;background_background&quot;:&quot;classic&quot;}\">\n\t\t\t\t<div class=\"elementor-element elementor-element-87d146d elementor-widget elementor-widget-html\" data-id=\"87d146d\" data-element_type=\"widget\" data-e-type=\"widget\" data-widget_type=\"html.default\">\n\t\t\t\t<div class=\"elementor-widget-container\">\n\t\t\t\t\t<script>function Marquee(selector, speed) {\n  const parent = document.querySelector(selector);\n  const clone = parent.innerHTML;\n  let i = 0;\n  parent.innerHTML += clone;\n\n  setInterval(() => {\n    i += speed;\n    if (i >= parent.children[0].clientWidth) i = 0;\n    parent.children[0].style.marginLeft = `-${i}px`;\n  }, 0);\n}\n\nwindow.addEventListener('load', () => Marquee('.marqueees', .5));\n<\/script>\t\t\t\t<\/div>\n\t\t\t\t<\/div>\n\t\t\t\t<div class=\"elementor-element elementor-element-43f4fd8 marqueees elementor-widget elementor-widget-heading\" data-id=\"43f4fd8\" data-element_type=\"widget\" data-e-type=\"widget\" data-widget_type=\"heading.default\">\n\t\t\t\t<div class=\"elementor-widget-container\">\n\t\t\t\t\t<h2 class=\"elementor-heading-title elementor-size-default\">F\u00daTBOL INMERSIVO - EXPERIENCIA VIP - ENTORNO PROFESIONAL - EXPERIENCIA PARA JUGADORES DE TODAS LAS EDADES - AVENTURAS CULTURALES - PASI\u00d3N POR EL F\u00daTBOL  <\/h2>\t\t\t\t<\/div>\n\t\t\t\t<\/div>\n\t\t\t\t<\/div>\n\t\t<div class=\"elementor-element elementor-element-a232aaf e-con-full e-flex e-con e-parent\" data-id=\"a232aaf\" data-element_type=\"container\" data-e-type=\"container\">\n\t\t<div class=\"elementor-element elementor-element-697c5e7 e-con-full e-flex e-con e-child\" data-id=\"697c5e7\" data-element_type=\"container\" data-e-type=\"container\">\n\t\t\t\t<div class=\"elementor-element elementor-element-4b59037 elementor-widget elementor-widget-heading\" data-id=\"4b59037\" data-element_type=\"widget\" data-e-type=\"widget\" data-widget_type=\"heading.default\">\n\t\t\t\t<div class=\"elementor-widget-container\">\n\t\t\t\t\t<h2 class=\"elementor-heading-title elementor-size-default\">Transforma tu potencial: \u00c9xito acad\u00e9mico y deportivo garantizado<\/h2>\t\t\t\t<\/div>\n\t\t\t\t<\/div>\n\t\t\t\t<div class=\"elementor-element elementor-element-66d3160 elementor-widget elementor-widget-text-editor\" data-id=\"66d3160\" data-element_type=\"widget\" data-e-type=\"widget\" data-widget_type=\"text-editor.default\">\n\t\t\t\t<div class=\"elementor-widget-container\">\n\t\t\t\t\t\t\t\t\t<p>Este programa te prepara no solo para mejorar tus habilidades deportivas, sino tambi\u00e9n para avanzar en tu formaci\u00f3n acad\u00e9mica, brind\u00e1ndote una ventaja competitiva para acceder a becas y programas deportivos en las mejores universidades de USA.<\/p><p>Con una tasa de \u00e9xito del 92% en practicas universitarias, nuestros participantes han logrado acceder a algunas de las universidades m\u00e1s prestigiosas y competitivas de EE. UU.<\/p><p>Una experiencia \u00fanica para impulsar tu futuro acad\u00e9mico y deportivo.<\/p>\t\t\t\t\t\t\t\t<\/div>\n\t\t\t\t<\/div>\n\t\t\t\t<div class=\"elementor-element elementor-element-9834cb1 elementor-widget elementor-widget-button\" data-id=\"9834cb1\" data-element_type=\"widget\" data-e-type=\"widget\" data-widget_type=\"button.default\">\n\t\t\t\t<div class=\"elementor-widget-container\">\n\t\t\t\t\t\t\t\t\t<div class=\"elementor-button-wrapper\">\n\t\t\t\t\t<a class=\"elementor-button elementor-button-link elementor-size-sm\" href=\"https:\/\/mjoyspain.com\/es\/ponte-en-contacto-con\/\">\n\t\t\t\t\t\t<span class=\"elementor-button-content-wrapper\">\n\t\t\t\t\t\t<span class=\"elementor-button-icon\">\n\t\t\t\t<svg aria-hidden=\"true\" class=\"e-font-icon-svg e-fas-arrow-right\" viewBox=\"0 0 448 512\" xmlns=\"http:\/\/www.w3.org\/2000\/svg\"><path d=\"M190.5 66.9l22.2-22.2c9.4-9.4 24.6-9.4 33.9 0L441 239c9.4 9.4 9.4 24.6 0 33.9L246.6 467.3c-9.4 9.4-24.6 9.4-33.9 0l-22.2-22.2c-9.5-9.5-9.3-25 .4-34.3L311.4 296H24c-13.3 0-24-10.7-24-24v-32c0-13.3 10.7-24 24-24h287.4L190.9 101.2c-9.8-9.3-10-24.8-.4-34.3z\"><\/path><\/svg>\t\t\t<\/span>\n\t\t\t\t\t\t\t\t\t<span class=\"elementor-button-text\">Solicitar m\u00e1s informaci\u00f3n<\/span>\n\t\t\t\t\t<\/span>\n\t\t\t\t\t<\/a>\n\t\t\t\t<\/div>\n\t\t\t\t\t\t\t\t<\/div>\n\t\t\t\t<\/div>\n\t\t\t\t<\/div>\n\t\t<div class=\"elementor-element elementor-element-24d842f e-con-full e-flex e-con e-child\" data-id=\"24d842f\" data-element_type=\"container\" data-e-type=\"container\" data-settings=\"{&quot;background_background&quot;:&quot;classic&quot;}\">\n\t\t\t\t<\/div>\n\t\t\t\t<\/div>\n\t\t\t\t<\/div>\n\t\t","protected":false},"excerpt":{"rendered":"<p>PROGRAMA ANUAL DE F\u00daTBOL Y ESTUDIOS EN ESPA\u00d1A F\u00fatbol y Estudios Impulsa tu futuro: Formaci\u00f3n de \u00e9lite y estudios universitarios en Espa\u00f1a Te ofrecemos una oportunidad \u00fanica de pasar un a\u00f1o inmerso en un entrenamiento intensivo de f\u00fatbol y estudios acad\u00e9micos en Espa\u00f1a. Durante este programa, entrenar\u00e1s en instalaciones deportivas de alto rendimiento y te [&hellip;]<\/p>\n","protected":false},"author":1,"featured_media":0,"parent":0,"menu_order":0,"comment_status":"closed","ping_status":"closed","template":"","meta":{"footnotes":""},"class_list":["post-695","page","type-page","status-publish","hentry"],"_links":{"self":[{"href":"https:\/\/mjoyspain.com\/es\/wp-json\/wp\/v2\/pages\/695","targetHints":{"allow":["GET"]}}],"collection":[{"href":"https:\/\/mjoyspain.com\/es\/wp-json\/wp\/v2\/pages"}],"about":[{"href":"https:\/\/mjoyspain.com\/es\/wp-json\/wp\/v2\/types\/page"}],"author":[{"embeddable":true,"href":"https:\/\/mjoyspain.com\/es\/wp-json\/wp\/v2\/users\/1"}],"replies":[{"embeddable":true,"href":"https:\/\/mjoyspain.com\/es\/wp-json\/wp\/v2\/comments?post=695"}],"version-history":[{"count":0,"href":"https:\/\/mjoyspain.com\/es\/wp-json\/wp\/v2\/pages\/695\/revisions"}],"wp:attachment":[{"href":"https:\/\/mjoyspain.com\/es\/wp-json\/wp\/v2\/media?parent=695"}],"curies":[{"name":"wp","href":"https:\/\/api.w.org\/{rel}","templated":true}]}}