{"id":698,"date":"2025-03-10T12:37:08","date_gmt":"2025-03-10T11:37:08","guid":{"rendered":"https:\/\/mjoyspain.com\/privacidad\/"},"modified":"2025-03-27T15:46:20","modified_gmt":"2025-03-27T14:46:20","slug":"privacidad","status":"publish","type":"page","link":"https:\/\/mjoyspain.com\/es\/privacidad\/","title":{"rendered":"Privacidad"},"content":{"rendered":"\t\t<div data-elementor-type=\"wp-page\" data-elementor-id=\"698\" class=\"elementor elementor-698 elementor-552\" data-elementor-post-type=\"page\">\n\t\t\t\t<div class=\"elementor-element elementor-element-58a271a e-flex e-con-boxed e-con e-parent\" data-id=\"58a271a\" data-element_type=\"container\" data-e-type=\"container\">\n\t\t\t\t\t<div class=\"e-con-inner\">\n\t\t\t\t<div class=\"elementor-element elementor-element-9435e81 elementor-widget elementor-widget-heading\" data-id=\"9435e81\" data-element_type=\"widget\" data-e-type=\"widget\" data-widget_type=\"heading.default\">\n\t\t\t\t<div class=\"elementor-widget-container\">\n\t\t\t\t\t<h1 class=\"elementor-heading-title elementor-size-default\">Pol\u00edtica de privacidad<\/h1>\t\t\t\t<\/div>\n\t\t\t\t<\/div>\n\t\t\t\t\t<\/div>\n\t\t\t\t<\/div>\n\t\t<div class=\"elementor-element elementor-element-ff5f4f4 e-flex e-con-boxed e-con e-parent\" data-id=\"ff5f4f4\" data-element_type=\"container\" data-e-type=\"container\">\n\t\t\t\t\t<div class=\"e-con-inner\">\n\t\t\t\t<div class=\"elementor-element elementor-element-9a3ab2b elementor-widget elementor-widget-text-editor\" data-id=\"9a3ab2b\" data-element_type=\"widget\" data-e-type=\"widget\" data-widget_type=\"text-editor.default\">\n\t\t\t\t<div class=\"elementor-widget-container\">\n\t\t\t\t\t\t\t\t\t<p><b>Responsable<\/b>: XXXXXX- CIF XXXXXXX<\/p><p><b>Contacto<\/b>: C\/ Bronce 4C, 28045 Madrid, Espa\u00f1a. Tel. XXXX- Correo electr\u00f3nico: info @ mjoyspain.com  <\/p><p><b>FINALIDADES<\/b>:<br>Comunicaciones comerciales<br>Marketing, publicidad y prospecci\u00f3n comercial<br>Redes sociales<br>Compartir informaci\u00f3n en Redes Sociales<\/p><p><b>LEGITIMIDAD<\/b>: Comunicaciones comerciales: Consentimiento expl\u00edcito del interesado<br>Redes sociales: Consentimiento expl\u00edcito del interesado<\/p><p><b>CONSERVACI\u00d3N<\/b>: Comunicaciones comerciales: Mientras no se solicite su supresi\u00f3n por el interesado<br>Redes sociales: Mientras no se solicite su supresi\u00f3n por el interesado.<\/p><p><b>DESTINATARIOS<\/b>: Redes sociales. Entidades que prestan servicios de redes sociales. <\/p><p><b>TRANSFERENCIAS INTERNACIONALES<\/b>: No realizamos transferencias internacionales de tus datos.<\/p><p><b>PROCEDENCIA<\/b>: Comunicaciones comerciales<br>Clientes: El propio interesado o su representante legal<br>Potenciales: El propio interesado o su representante legal<br>Redes sociales, Seguidores: El propio interesado o su representante legal.<\/p><p><b>DERECHOS<\/b>: Tienes derecho a acceder a tus datos, rectificarlos, suprimirlos, limitar u oponerte a su tratamiento, a su portabilidad, a no ser objeto de decisiones automatizadas, a retirar el consentimiento y a presentar reclamaciones ante la Autoridad de Control (Agencia Espa\u00f1ola de Protecci\u00f3n de Datos).<\/p><h2>DETALLES DE NUESTRA POL\u00cdTICA DE PRIVACIDAD<\/h2><p>INFORMACI\u00d3N GENERAL<br>La presente \u00abPol\u00edtica de Privacidad y Protecci\u00f3n de Datos\u00bb tiene por objeto dar a conocer las condiciones que rigen la recogida y tratamiento de tus datos personales por parte de nuestra entidad o grupo empresarial para garantizar los derechos, honor y libertades fundamentales, todo ello en cumplimiento de la normativa vigente en materia de Protecci\u00f3n de Datos de Car\u00e1cter Personal seg\u00fan la Uni\u00f3n Europea y el Estado Espa\u00f1ol.<\/p><p>De acuerdo con esta normativa, necesitamos contar con tu autorizaci\u00f3n y consentimiento para la recogida y tratamiento de tus datos personales, por lo que a continuaci\u00f3n, te indicamos todos los detalles de tu inter\u00e9s sobre c\u00f3mo llevamos a cabo estos procesos, con qu\u00e9 fines, que otras entidades pueden tener acceso a tus datos y cu\u00e1les son tus derechos.<\/p><p>Por todo ello, una vez que hayas revisado y le\u00eddo nuestra Pol\u00edtica de Protecci\u00f3n de Datos, es imprescindible que la aceptes como prueba de tu acuerdo y consentimiento.<\/p><p>2.- RESPONSABLE DEL TRATAMIENTO<br><b>\u00bfQui\u00e9n recoge y trata tus datos?<\/b><\/p><p>El Responsable del Tratamiento es aquella persona f\u00edsica o jur\u00eddica, de naturaleza p\u00fablica o privada, u \u00f3rgano administrativo, que solo o conjuntamente con otros determine los fines y medios del tratamiento de datos personales; en el caso de que los fines y medios del tratamiento est\u00e9n determinados por el derecho de la Uni\u00f3n Europea o del Estado Miembro espa\u00f1ol.<\/p><p>En este caso, nuestros datos de identificaci\u00f3n como Responsable del Tratamiento son los siguientes:<\/p><p>XXXXXXXXXX<\/p><p>\u00bfC\u00f3mo puedes ponerte en contacto con nosotros?<\/p><p>Direcci\u00f3n de nuestras oficinas:<\/p><p>Mjoy Espa\u00f1a<\/p><p>Tel. XXXXXXXX- Correo electr\u00f3nico: info @ mjoyspain.com <\/p><p>Direcci\u00f3n postal:<\/p><p>C\/ Bronce 4C, 28045 Madrid, Espa\u00f1a<\/p><p>MEDIDAS DE SEGURIDAD<br><b>\u00bfQu\u00e9 hacemos para garantizar la privacidad de tus datos?<\/b><\/p><p>Nuestra entidad o grupo empresarial adopta las medidas organizativas y t\u00e9cnicas necesarias para garantizar la seguridad y privacidad de tus datos, evitar su alteraci\u00f3n, p\u00e9rdida, tratamiento o acceso no autorizado, habida cuenta del estado de la tecnolog\u00eda, la naturaleza de los datos almacenados y los riesgos a que est\u00e1n expuestos.<\/p><p>Entre otras, destacan las siguientes medidas:<\/p><ul><li>Garantizar la confidencialidad, integridad, disponibilidad y resistencia permanentes de los sistemas y servicios de tratamiento.<\/li><li>Restablecer r\u00e1pidamente la disponibilidad y el acceso a los datos personales en caso de incidente f\u00edsico o t\u00e9cnico.<\/li><li>Verificar, evaluar y valorar peri\u00f3dicamente la eficacia de las medidas t\u00e9cnicas y organizativas aplicadas para garantizar la seguridad del tratamiento.<\/li><li>Pseudonimizar y encriptar los datos personales, en caso de datos sensibles.<\/li><\/ul><p>4.- FINALIDAD DEL TRATAMIENTO<br><b>\u00bfPor qu\u00e9 queremos tratar tus datos?<\/b><\/p><p>Necesitamos tu autorizaci\u00f3n y consentimiento para recabar y tratar tus datos personales, por lo que a continuaci\u00f3n detallamos los usos y finalidades previstos.<\/p><p><b>Comunicaciones comerciales<\/b><\/p><ul><li>Descripci\u00f3n: Gesti\u00f3n de mailings comerciales y listas de distribuci\u00f3n<\/li><li>Fines: Marketing, publicidad y prospecci\u00f3n comercial.<\/li><\/ul><p><b>Redes sociales<\/b><\/p><ul><li>Descripci\u00f3n: Gesti\u00f3n de los seguidores de la organizaci\u00f3n a trav\u00e9s de las redes sociales.<\/li><li>Fines:Compartir informaci\u00f3n en las Redes Sociales<\/li><\/ul><p><b>\u00bfCu\u00e1nto tiempo conservamos tus datos?<\/b><\/p><p>Utilizamos tus datos durante el tiempo estrictamente necesario para cumplir los fines indicados anteriormente. A menos que exista una obligaci\u00f3n o requisito legal, los periodos de conservaci\u00f3n previstos son: <\/p><p><b>Las comunicaciones comerciales<\/b>: Siempre que su supresi\u00f3n no sea solicitada por el interesado.<\/p><p><b>Redes sociales<\/b>: Mientras no se solicite su supresi\u00f3n por el interesado.<\/p><p>LEGITIMIDAD DEL TRATAMIENTO<br><b>\u00bfPor qu\u00e9 tratamos tus datos?<\/b><\/p><p>La recogida y el tratamiento de tus datos siempre est\u00e1n legitimados por una o varias bases jur\u00eddicas, que se detallan a continuaci\u00f3n:<\/p><p><b>Comunicaciones comerciales<\/b>: Consentimiento expl\u00edcito del interesado.<\/p><p><b>Redes sociales<\/b>: Consentimiento expl\u00edcito del interesado<\/p><p>6.- DESTINATARIOS DE TUS DATOS<br><b>\u00bfA qui\u00e9n transferimos tus datos dentro de la Uni\u00f3n Europea?<\/b><\/p><p>Ocasionalmente, para cumplir con nuestras obligaciones legales y nuestro compromiso contractual contigo, nos vemos en la obligaci\u00f3n y necesidad de transferir algunos de tus datos a determinadas categor\u00edas de destinatarios, que especificamos a continuaci\u00f3n:<\/p><p><b>Redes sociales<\/b>: Entidades que prestan servicios de redes sociales<\/p><p>Adem\u00e1s de las categor\u00edas de destinatarios a los que se revelan los datos, tambi\u00e9n podemos revelarlos a las siguientes organizaciones (s\u00f3lo aparecer\u00e1n si los datos se revelan a otras organizaciones):<\/p><p><b>\u00bfRealizamos transferencias internacionales de tus datos fuera de la Uni\u00f3n Europea?<\/b><\/p><p>No realizamos transferencias internacionales de tus datos<\/p><p>7.- PROCEDIMIENTO Y TIPOS DE DATOS PROCESADOS<br><b>\u00bfD\u00f3nde hemos obtenido tus datos?<\/b><\/p><p><u>Comunicaciones comerciales<\/u><\/p><ul><li>Los clientes: El propio interesado o su representante legal<\/li><li>Potencial: El propio interesado o su representante legal.<\/li><\/ul><p><u>Redes sociales<\/u><\/p><ul><li>Seguidores : El propio interesado o su representante legal<\/li><\/ul><p><b>\u00bfQu\u00e9 tipos de datos recogemos y procesamos sobre ti?<\/b><\/p><p><u>Comunicaciones comerciales<\/u><\/p><p><b>Clientes<\/b><\/p><p>Datos de identificaci\u00f3n (Nombre y apellidos; direcci\u00f3n de correo electr\u00f3nico)<\/p><p><b>Potenciales<\/b><\/p><p>Datos de identificaci\u00f3n (Nombre y apellidos; Direcci\u00f3n postal; NIF \/ NIE \/ Pasaporte; Direcci\u00f3n de correo electr\u00f3nico; Tel\u00e9fono)<\/p><p><u>Redes sociales<\/u><\/p><p><b>Seguidores<\/b><\/p><p>Datos de identificaci\u00f3n (Nombre y apellidos; direcci\u00f3n de correo electr\u00f3nico)<\/p><p>8.- DERECHOS DE LOS INTERESADOS<br><b>\u00bfCu\u00e1les son tus derechos?<\/b><\/p><p>La normativa vigente en materia de protecci\u00f3n de datos te ampara en una serie de derechos en relaci\u00f3n con el uso que hacemos de tus datos. Todos y cada uno de tus derechos son unipersonales e intransferibles, es decir, s\u00f3lo pueden ser ejercidos por el titular de los datos, previa comprobaci\u00f3n de su identidad. <\/p><p>\u00c9stos son tus derechos:<\/p><ul><li>Solicitar ACCESO a tus datos personales<\/li><li>Solicitar RECTIFICACI\u00d3N de tus datos<\/li><li>Solicitar la SUPRESI\u00d3N o eliminaci\u00f3n de tus datos (derecho a ser \u00abolvidado\u00bb).<\/li><li>LIMITAR o RECHAZAR el uso que hacemos de tu informaci\u00f3n<\/li><li>Derecho a la PORTABILIDAD de tus datos para casos de telecomunicaciones o servicios de internet.<\/li><li>Derecho a no ser objeto de decisiones automatizadas y\/o elaboraci\u00f3n de perfiles<\/li><li>Derecho a RETIRAR tu consentimiento en cualquier momento<\/li><li>Derecho a presentar una RECLAMACI\u00d3N en materia de protecci\u00f3n de datos ante la Autoridad de Control: Agencia Espa\u00f1ola de Protecci\u00f3n de Datos.<\/li><\/ul><p>\u00bfC\u00f3mo puedes ejercer tus derechos en relaci\u00f3n con tus datos?<\/p><p>Para ejercer tus derechos de acceso, rectificaci\u00f3n, supresi\u00f3n, limitaci\u00f3n u oposici\u00f3n, portabilidad y retirada de tu consentimiento, puedes hacerlo de la siguiente forma:<\/p><p><u>Comunicaciones comerciales<\/u><\/p><p>Responsable: XXXX &#8211; CIF XXXXXX<br>Tel\u00e9fono: XXXXX<br>Correo electr\u00f3nico: info @ mjoyspain.com<br>P\u00e1gina web: https:\/\/ mjoyspain.com<\/p><p><u>Redes sociales<\/u><\/p><p>Responsable: XXXXXX &#8211; CIF XXXXXX<br>Tel\u00e9fono: XXXXX<br>Correo electr\u00f3nico: info @ mjoyspain.com<br>P\u00e1gina web: https:\/\/ mjoyspain.com<\/p><p><b>\u00bfC\u00f3mo puedes presentar una reclamaci\u00f3n?<\/b><\/p><p>Adem\u00e1s de tus derechos, si crees que tus datos no se recogen o tratan de acuerdo con la normativa vigente sobre Protecci\u00f3n de Datos, puedes presentar una reclamaci\u00f3n ante la Autoridad de Control, cuyos datos de contacto se indican a continuaci\u00f3n:<\/p><p>Agencia Espa\u00f1ola de Protecci\u00f3n de Datos<\/p><p>C\/. Jorge Juan, 6. 28001, Madrid (Madrid), Espa\u00f1a  <\/p><p>Correo electr\u00f3nico: info@aepd.es &#8211; Tel\u00e9fono: 912663517<\/p><p>Web: https:\/\/www.aepd.es<\/p><p>9.- CONSENTIMIENTO Y ACEPTACI\u00d3N<\/p><p>La aceptaci\u00f3n de este documento indica que comprendes, aceptas todas las cl\u00e1usulas de nuestra pol\u00edtica de privacidad y, por tanto, autorizas la recogida y el tratamiento de tus datos personales en estos t\u00e9rminos. Esta aceptaci\u00f3n se realiza activando la casilla \u00abLeer y Aceptar\u00bb de nuestra Pol\u00edtica de Privacidad. <\/p>\t\t\t\t\t\t\t\t<\/div>\n\t\t\t\t<\/div>\n\t\t\t\t\t<\/div>\n\t\t\t\t<\/div>\n\t\t\t\t<\/div>\n\t\t","protected":false},"excerpt":{"rendered":"<p>Pol\u00edtica de privacidad Responsable: XXXXXX- CIF XXXXXXX Contacto: C\/ Bronce 4C, 28045 Madrid, Espa\u00f1a. Tel. XXXX- Correo electr\u00f3nico: info @ mjoyspain.com FINALIDADES:Comunicaciones comercialesMarketing, publicidad y prospecci\u00f3n comercialRedes socialesCompartir informaci\u00f3n en Redes Sociales LEGITIMIDAD: Comunicaciones comerciales: Consentimiento expl\u00edcito del interesadoRedes sociales: Consentimiento expl\u00edcito del interesado CONSERVACI\u00d3N: Comunicaciones comerciales: Mientras no se solicite su supresi\u00f3n por el [&hellip;]<\/p>\n","protected":false},"author":1,"featured_media":0,"parent":0,"menu_order":0,"comment_status":"closed","ping_status":"closed","template":"","meta":{"footnotes":""},"class_list":["post-698","page","type-page","status-publish","hentry"],"_links":{"self":[{"href":"https:\/\/mjoyspain.com\/es\/wp-json\/wp\/v2\/pages\/698","targetHints":{"allow":["GET"]}}],"collection":[{"href":"https:\/\/mjoyspain.com\/es\/wp-json\/wp\/v2\/pages"}],"about":[{"href":"https:\/\/mjoyspain.com\/es\/wp-json\/wp\/v2\/types\/page"}],"author":[{"embeddable":true,"href":"https:\/\/mjoyspain.com\/es\/wp-json\/wp\/v2\/users\/1"}],"replies":[{"embeddable":true,"href":"https:\/\/mjoyspain.com\/es\/wp-json\/wp\/v2\/comments?post=698"}],"version-history":[{"count":0,"href":"https:\/\/mjoyspain.com\/es\/wp-json\/wp\/v2\/pages\/698\/revisions"}],"wp:attachment":[{"href":"https:\/\/mjoyspain.com\/es\/wp-json\/wp\/v2\/media?parent=698"}],"curies":[{"name":"wp","href":"https:\/\/api.w.org\/{rel}","templated":true}]}}